{"id":108,"date":"2025-12-02T10:48:43","date_gmt":"2025-12-02T10:48:43","guid":{"rendered":"https:\/\/davidquere.com\/?page_id=108"},"modified":"2025-12-09T17:54:32","modified_gmt":"2025-12-09T17:54:32","slug":"contact","status":"publish","type":"page","link":"https:\/\/davidquere.com\/?page_id=108","title":{"rendered":"[ contact ]"},"content":{"rendered":"\n<div class=\"wp-block-group is-nowrap is-layout-flex wp-container-core-group-is-layout-ad2f72ca wp-block-group-is-layout-flex\">\n<figure class=\"wp-block-image size-large is-resized\"><img loading=\"lazy\" decoding=\"async\" width=\"1024\" height=\"743\" src=\"https:\/\/davidquere.com\/wp-content\/uploads\/2025\/12\/cropped-cropped-LOGO_D.Quere-01_pages-to-jpg-0034-scaled-1-1024x743.jpg\" alt=\"\" class=\"wp-image-16\" style=\"width:86px;height:auto\" srcset=\"https:\/\/davidquere.com\/wp-content\/uploads\/2025\/12\/cropped-cropped-LOGO_D.Quere-01_pages-to-jpg-0034-scaled-1-1024x743.jpg 1024w, https:\/\/davidquere.com\/wp-content\/uploads\/2025\/12\/cropped-cropped-LOGO_D.Quere-01_pages-to-jpg-0034-scaled-1-300x218.jpg 300w, https:\/\/davidquere.com\/wp-content\/uploads\/2025\/12\/cropped-cropped-LOGO_D.Quere-01_pages-to-jpg-0034-scaled-1-768x557.jpg 768w, https:\/\/davidquere.com\/wp-content\/uploads\/2025\/12\/cropped-cropped-LOGO_D.Quere-01_pages-to-jpg-0034-scaled-1-1536x1114.jpg 1536w, https:\/\/davidquere.com\/wp-content\/uploads\/2025\/12\/cropped-cropped-LOGO_D.Quere-01_pages-to-jpg-0034-scaled-1-1200x870.jpg 1200w, https:\/\/davidquere.com\/wp-content\/uploads\/2025\/12\/cropped-cropped-LOGO_D.Quere-01_pages-to-jpg-0034-scaled-1.jpg 1819w\" sizes=\"auto, (max-width: 1024px) 100vw, 1024px\" \/><\/figure>\n\n\n\n<h2 class=\"wp-block-heading\">atelier david qu\u00e9r\u00e9 architectures<\/h2>\n<\/div>\n\n\n\n<p>48 rue de tolbiac<br>75013 paris<\/p>\n\n\n\n<h2 class=\"wp-block-heading has-text-align-center\">+<\/h2>\n\n\n\n<p>Clients<br>Si vous d\u00e9sirez mettre en place un projet avec l&rsquo;atelier, \u00e9crivez \u00e0 l&rsquo;adresse suivante :<br><a href=\"mailto:contact@davidquere.com\" target=\"_blank\" data-type=\"link\" data-id=\"contact@davidquere.com\" rel=\"noreferrer noopener nofollow\">contact [a] davidquere.com<\/a><\/p>\n\n\n\n<h2 class=\"wp-block-heading has-text-align-center\">+<\/h2>\n\n\n\n<p>Communication<br>Si vous d\u00e9sirez entrer en contact pour collaboration, consultation ou utilisation de documents, photographies, \u00e9crivez \u00e0 l&rsquo;adresse suivante :<br><a href=\"mailto:communication@davidquere.com\" target=\"_blank\" rel=\"noreferrer noopener nofollow\">communication [a] davidquere.com<\/a><\/p>\n\n\n\n<h2 class=\"wp-block-heading has-text-align-center\">&#8211;<\/h2>\n\n\n\n<p><br><\/p>\n\n\n\n<p><\/p>\n","protected":false},"excerpt":{"rendered":"<p>atelier david qu\u00e9r\u00e9 architectures 48 rue de tolbiac75013 paris + ClientsSi vous d\u00e9sirez mettre en place un projet avec l&rsquo;atelier, \u00e9crivez \u00e0 l&rsquo;adresse suivante :contact [a] davidquere.com + CommunicationSi vous d\u00e9sirez entrer en contact pour collaboration, consultation ou utilisation de documents, photographies, \u00e9crivez \u00e0 l&rsquo;adresse suivante :communication [a] davidquere.com &#8211;<\/p>\n","protected":false},"author":1,"featured_media":0,"parent":0,"menu_order":0,"comment_status":"closed","ping_status":"closed","template":"","meta":{"footnotes":""},"class_list":["post-108","page","type-page","status-publish","hentry","missing-thumbnail"],"_links":{"self":[{"href":"https:\/\/davidquere.com\/index.php?rest_route=\/wp\/v2\/pages\/108","targetHints":{"allow":["GET"]}}],"collection":[{"href":"https:\/\/davidquere.com\/index.php?rest_route=\/wp\/v2\/pages"}],"about":[{"href":"https:\/\/davidquere.com\/index.php?rest_route=\/wp\/v2\/types\/page"}],"author":[{"embeddable":true,"href":"https:\/\/davidquere.com\/index.php?rest_route=\/wp\/v2\/users\/1"}],"replies":[{"embeddable":true,"href":"https:\/\/davidquere.com\/index.php?rest_route=%2Fwp%2Fv2%2Fcomments&post=108"}],"version-history":[{"count":6,"href":"https:\/\/davidquere.com\/index.php?rest_route=\/wp\/v2\/pages\/108\/revisions"}],"predecessor-version":[{"id":209,"href":"https:\/\/davidquere.com\/index.php?rest_route=\/wp\/v2\/pages\/108\/revisions\/209"}],"wp:attachment":[{"href":"https:\/\/davidquere.com\/index.php?rest_route=%2Fwp%2Fv2%2Fmedia&parent=108"}],"curies":[{"name":"wp","href":"https:\/\/api.w.org\/{rel}","templated":true}]}}