{"id":3,"date":"2025-11-16T19:32:30","date_gmt":"2025-11-16T19:32:30","guid":{"rendered":"http:\/\/davidquere.com\/?page_id=3"},"modified":"2025-12-01T18:32:49","modified_gmt":"2025-12-01T18:32:49","slug":"privacy-policy","status":"publish","type":"page","link":"https:\/\/davidquere.com\/?page_id=3","title":{"rendered":"Mentions l\u00e9gales"},"content":{"rendered":"\n<h2 class=\"wp-block-heading\"><strong>1. \u00c9diteur du site<\/strong><\/h2>\n\n\n\n<p>Le pr\u00e9sent site est \u00e9dit\u00e9 par : <strong>David Qu\u00e9r\u00e9,<\/strong> Propri\u00e9taire du site. Adresse de contact : <strong>voir page contact<\/strong><\/p>\n\n\n\n<p><strong>2. H\u00e9bergeur<\/strong><\/p>\n\n\n\n<p>Le site est h\u00e9berg\u00e9 par la soci\u00e9t\u00e9 <strong>OVH SAS<\/strong> 2 rue Kellermann 59100 Roubaix France<\/p>\n\n\n\n<p><strong>3. Propri\u00e9t\u00e9 intellectuelle<\/strong><\/p>\n\n\n\n<p>L\u2019ensemble de ce site rel\u00e8ve de la l\u00e9gislation fran\u00e7aise et internationale sur le droit d\u2019auteur et la propri\u00e9t\u00e9 intellectuelle. Tous les droits de reproduction sont r\u00e9serv\u00e9s, y compris pour les documents t\u00e9l\u00e9chargeables et les repr\u00e9sentations iconographiques et photographiques.<\/p>\n\n\n\n<p><strong>4. Gestion des donn\u00e9es personnelles<\/strong><\/p>\n\n\n\n<p>Le site ne collecte pas de donn\u00e9es personnelles \u00e0 l&rsquo;insu de l&rsquo;utilisateur. Les seules donn\u00e9es collect\u00e9es (nom, email) le sont via les formulaires de contact ou les commentaires, dans le seul but de g\u00e9rer les \u00e9changes avec l&rsquo;utilisateur. Ces donn\u00e9es ne sont jamais vendues \u00e0 des tiers.<\/p>\n","protected":false},"excerpt":{"rendered":"<p>1. \u00c9diteur du site Le pr\u00e9sent site est \u00e9dit\u00e9 par : David Qu\u00e9r\u00e9, Propri\u00e9taire du site. Adresse de contact : voir page contact 2. H\u00e9bergeur Le site est h\u00e9berg\u00e9 par la soci\u00e9t\u00e9 OVH SAS 2 rue Kellermann 59100 Roubaix France 3. Propri\u00e9t\u00e9 intellectuelle L\u2019ensemble de ce site rel\u00e8ve de la l\u00e9gislation fran\u00e7aise et internationale sur [&hellip;]<\/p>\n","protected":false},"author":1,"featured_media":0,"parent":0,"menu_order":0,"comment_status":"closed","ping_status":"open","template":"","meta":{"footnotes":""},"class_list":["post-3","page","type-page","status-publish","hentry","missing-thumbnail"],"_links":{"self":[{"href":"https:\/\/davidquere.com\/index.php?rest_route=\/wp\/v2\/pages\/3","targetHints":{"allow":["GET"]}}],"collection":[{"href":"https:\/\/davidquere.com\/index.php?rest_route=\/wp\/v2\/pages"}],"about":[{"href":"https:\/\/davidquere.com\/index.php?rest_route=\/wp\/v2\/types\/page"}],"author":[{"embeddable":true,"href":"https:\/\/davidquere.com\/index.php?rest_route=\/wp\/v2\/users\/1"}],"replies":[{"embeddable":true,"href":"https:\/\/davidquere.com\/index.php?rest_route=%2Fwp%2Fv2%2Fcomments&post=3"}],"version-history":[{"count":1,"href":"https:\/\/davidquere.com\/index.php?rest_route=\/wp\/v2\/pages\/3\/revisions"}],"predecessor-version":[{"id":106,"href":"https:\/\/davidquere.com\/index.php?rest_route=\/wp\/v2\/pages\/3\/revisions\/106"}],"wp:attachment":[{"href":"https:\/\/davidquere.com\/index.php?rest_route=%2Fwp%2Fv2%2Fmedia&parent=3"}],"curies":[{"name":"wp","href":"https:\/\/api.w.org\/{rel}","templated":true}]}}